{"id":15466,"date":"2025-01-17T13:43:14","date_gmt":"2025-01-17T13:43:14","guid":{"rendered":"https:\/\/www.breathe.life\/?page_id=15466"},"modified":"2025-05-19T13:47:48","modified_gmt":"2025-05-19T12:47:48","slug":"breathe-magazine-3rd-edition","status":"publish","type":"page","link":"http:\/\/www.breathe.life\/es\/breathe-magazine-3rd-edition\/","title":{"rendered":"BREATHE\u2122 MAGAZINE &#8211; 3RD EDITION"},"content":{"rendered":"<div data-elementor-type=\"wp-page\" data-elementor-id=\"15466\" class=\"elementor elementor-15466\" data-elementor-post-type=\"page\">\n\t\t\t\t<div class=\"elementor-element elementor-element-d1faa6d e-con-full e-flex e-con e-parent\" data-id=\"d1faa6d\" data-element_type=\"container\" data-settings=\"{&quot;background_background&quot;:&quot;classic&quot;}\">\n\t\t\t\t<div class=\"elementor-element elementor-element-4c5cc68 elementor-widget elementor-widget-html\" data-id=\"4c5cc68\" data-element_type=\"widget\" data-widget_type=\"html.default\">\n\t\t\t\t\t<div style=\"position:relative;padding-top:max(60%,326px);height:0;width:100%\"><iframe allow=\"clipboard-write\" sandbox=\"allow-top-navigation allow-top-navigation-by-user-activation allow-downloads allow-scripts allow-same-origin allow-popups allow-modals allow-popups-to-escape-sandbox allow-forms\" allowfullscreen=\"true\" style=\"position:absolute;border:none;width:100%;height:100%;left:0;right:0;top:0;bottom:0;\" src=\"https:\/\/e.issuu.com\/embed.html?d=breathe_magazine_summer_edition24&u=breatherestaurant\"><\/iframe><\/div>\t\t\t\t<\/div>\n\t\t\t\t<\/div>\n\t\t<div class=\"elementor-element elementor-element-8beb815 e-con-full e-flex e-con e-parent\" data-id=\"8beb815\" data-element_type=\"container\">\n\t\t\t\t<div class=\"elementor-element elementor-element-29de063 elementor-widget elementor-widget-shortcode\" data-id=\"29de063\" data-element_type=\"widget\" data-widget_type=\"shortcode.default\">\n\t\t\t\t\t\t\t<div class=\"elementor-shortcode\">\t\t<div data-elementor-type=\"container\" data-elementor-id=\"15469\" class=\"elementor elementor-15469\" data-elementor-post-type=\"elementor_library\">\n\t\t\t\t<div class=\"elementor-element elementor-element-65988972 e-con-full e-flex e-con e-parent\" data-id=\"65988972\" data-element_type=\"container\" data-settings=\"{&quot;background_background&quot;:&quot;classic&quot;}\">\n\t\t<div class=\"elementor-element elementor-element-7e6bb716 e-con-full e-flex e-con e-child\" data-id=\"7e6bb716\" data-element_type=\"container\">\n\t\t<div class=\"elementor-element elementor-element-17447b74 e-con-full e-flex e-con e-child\" data-id=\"17447b74\" data-element_type=\"container\" data-settings=\"{&quot;background_background&quot;:&quot;classic&quot;}\">\n\t\t<div class=\"elementor-element elementor-element-753e3f4f e-con-full e-flex e-con e-child\" data-id=\"753e3f4f\" data-element_type=\"container\">\n\t\t<div class=\"elementor-element elementor-element-67a6d5c9 e-con-full e-flex e-con e-child\" data-id=\"67a6d5c9\" data-element_type=\"container\">\n\t\t\t\t<div class=\"elementor-element elementor-element-6c8cb842 elementor-widget__width-inherit elementor-widget elementor-widget-heading\" data-id=\"6c8cb842\" data-element_type=\"widget\" data-widget_type=\"heading.default\">\n\t\t\t\t\t<h2 class=\"elementor-heading-title elementor-size-default\">ANUNCIE CON NOSOTROS<\/h2>\t\t\t\t<\/div>\n\t\t\t\t<div class=\"elementor-element elementor-element-39cf566a elementor-widget elementor-widget-text-editor\" data-id=\"39cf566a\" data-element_type=\"widget\" data-widget_type=\"text-editor.default\">\n\t\t\t\t\t\t\t\t\t<p>Nos gustar\u00eda darte la bienvenida a BREATHE\u2122 MAGAZINE, una publicaci\u00f3n que refleja el esp\u00edritu y la filosof\u00eda con la que se fund\u00f3 y creci\u00f3 nuestro grupo de espacios.<\/p><p>La revista nos permite expresar y comunicar esta filosof\u00eda de vida, centrada en una vida saludable y la alta cocina, la calidad de vida, explorando el arte de saber disfrutar plenamente de la vida mientras tambi\u00e9n damos algo a cambio, cuidamos nuestro entorno y, en general, somos personas felices.<\/p>\t\t\t\t\t\t\t\t<\/div>\n\t\t\t\t<\/div>\n\t\t<div class=\"elementor-element elementor-element-30d05381 e-con-full e-flex e-con e-child\" data-id=\"30d05381\" data-element_type=\"container\">\n\t\t\t\t<div data-premium-element-link=\"{&quot;type&quot;:&quot;url&quot;,&quot;link&quot;:{&quot;url&quot;:&quot;https:\\\/\\\/drive.google.com\\\/file\\\/d\\\/1IHF_NPpDS3OMDu6D-37ICPJrB_ibD4cL\\\/view&quot;,&quot;is_external&quot;:&quot;on&quot;,&quot;nofollow&quot;:&quot;&quot;,&quot;custom_attributes&quot;:&quot;&quot;},&quot;href&quot;:&quot;https:\\\/\\\/drive.google.com\\\/file\\\/d\\\/1IHF_NPpDS3OMDu6D-37ICPJrB_ibD4cL\\\/view&quot;}\" style=\"cursor: pointer\" class=\"elementor-element elementor-element-7aec8b20 elementor-widget__width-auto premium-wrapper-link-yes elementor-widget elementor-widget-heading\" data-id=\"7aec8b20\" data-element_type=\"widget\" data-widget_type=\"heading.default\">\n\t\t\t\t\t<h2 class=\"elementor-heading-title elementor-size-default\"><a href=\"https:\/\/drive.google.com\/file\/d\/1IHF_NPpDS3OMDu6D-37ICPJrB_ibD4cL\/view\" target=\"_blank\" rel=\"noopener\">Paquete de Medios de BREATHE\u2122 Magazine<\/a><\/h2>\t\t\t\t<\/div>\n\t\t\t\t<div class=\"elementor-element elementor-element-496ad83f elementor-widget elementor-widget-text-editor\" data-id=\"496ad83f\" data-element_type=\"widget\" data-widget_type=\"text-editor.default\">\n\t\t\t\t\t\t\t\t\t<p>Cont\u00e1ctanos para compromisos a largo plazo:<br \/>15% de descuento por comprometerse a una campa\u00f1a de m\u00ednimo 2 ediciones<br \/>30% de descuento por pago por adelantado<\/p><p><strong>Correo electr\u00f3nico: <\/strong><span style=\"color: #000000;\"><a style=\"color: #000000;\" href=\"mailto:lucien@breathe.life\"><strong>lucien@breathe.life<\/strong><\/a><\/span><\/p><p class=\"translation-block\">Por favor, lee detenidamente los <strong><a href=\"\/es\/terminos-y-condiciones-de-contratacion-revista-breathe\/\" target=\"_self\">t\u00e9rminos y condiciones<\/a><\/strong> antes de reservar espacio publicitario en la Revista Breathe.<\/p>\t\t\t\t\t\t\t\t<\/div>\n\t\t\t\t<\/div>\n\t\t\t\t<\/div>\n\t\t\t\t<\/div>\n\t\t\t\t<\/div>\n\t\t\t\t<\/div>\n\t\t\t\t<\/div>\n\t\t<\/div>\n\t\t\t\t\t\t<\/div>\n\t\t\t\t<\/div>\n\t\t\t\t<\/div>","protected":false},"excerpt":{"rendered":"","protected":false},"author":1,"featured_media":0,"parent":0,"menu_order":0,"comment_status":"closed","ping_status":"closed","template":"elementor_header_footer","meta":{"_acf_changed":false,"footnotes":""},"class_list":["post-15466","page","type-page","status-publish","hentry"],"acf":[],"_links":{"self":[{"href":"http:\/\/www.breathe.life\/es\/wp-json\/wp\/v2\/pages\/15466","targetHints":{"allow":["GET"]}}],"collection":[{"href":"http:\/\/www.breathe.life\/es\/wp-json\/wp\/v2\/pages"}],"about":[{"href":"http:\/\/www.breathe.life\/es\/wp-json\/wp\/v2\/types\/page"}],"author":[{"embeddable":true,"href":"http:\/\/www.breathe.life\/es\/wp-json\/wp\/v2\/users\/1"}],"replies":[{"embeddable":true,"href":"http:\/\/www.breathe.life\/es\/wp-json\/wp\/v2\/comments?post=15466"}],"version-history":[{"count":10,"href":"http:\/\/www.breathe.life\/es\/wp-json\/wp\/v2\/pages\/15466\/revisions"}],"predecessor-version":[{"id":15500,"href":"http:\/\/www.breathe.life\/es\/wp-json\/wp\/v2\/pages\/15466\/revisions\/15500"}],"wp:attachment":[{"href":"http:\/\/www.breathe.life\/es\/wp-json\/wp\/v2\/media?parent=15466"}],"curies":[{"name":"wp","href":"https:\/\/api.w.org\/{rel}","templated":true}]}}