{"id":284,"date":"2025-01-07T15:43:27","date_gmt":"2025-01-07T15:43:27","guid":{"rendered":"https:\/\/www.breathe.life\/?page_id=284"},"modified":"2025-11-05T11:34:10","modified_gmt":"2025-11-05T11:34:10","slug":"events","status":"publish","type":"page","link":"http:\/\/www.breathe.life\/es\/events\/","title":{"rendered":"Eventos"},"content":{"rendered":"<div data-elementor-type=\"wp-page\" data-elementor-id=\"284\" class=\"elementor elementor-284\" data-elementor-post-type=\"page\">\n\t\t\t\t<div class=\"elementor-element elementor-element-1876028 e-flex e-con-boxed e-con e-parent\" data-id=\"1876028\" data-element_type=\"container\">\n\t\t\t\t\t<div class=\"e-con-inner\">\n\t\t\t\t<div class=\"elementor-element elementor-element-5f87fb2 elementor-widget elementor-widget-heading\" data-id=\"5f87fb2\" data-element_type=\"widget\" data-widget_type=\"heading.default\">\n\t\t\t\t\t<h1 class=\"elementor-heading-title elementor-size-default\">BREATHE\u2122 GROUP<\/h1>\t\t\t\t<\/div>\n\t\t\t\t<div class=\"elementor-element elementor-element-ef5b907 elementor-widget elementor-widget-text-editor\" data-id=\"ef5b907\" data-element_type=\"widget\" data-widget_type=\"text-editor.default\">\n\t\t\t\t\t\t\t\t\t<p class=\"translation-block\">\u00a1Vive momentos inolvidables en <strong>BREATHE<\/strong>! Desde noches de m\u00fasica en vivo hasta eventos culinarios exclusivos, nuestros espacios est\u00e1n dise\u00f1ados para crear experiencias vibrantes e inspiradoras. Mantente atento a los pr\u00f3ximos eventos y \u00fanete a nosotros para celebrar con estilo.<\/p>\t\t\t\t\t\t\t\t<\/div>\n\t\t\t\t\t<\/div>\n\t\t\t\t<\/div>\n\t\t<div class=\"elementor-element elementor-element-c7b7751 e-con-full e-flex e-con e-parent\" data-id=\"c7b7751\" data-element_type=\"container\">\n\t\t\t\t<div class=\"elementor-element elementor-element-fc1b18a elementor-grid-tablet-2 elementor-grid-3 elementor-grid-mobile-1 elementor-widget elementor-widget-loop-grid\" data-id=\"fc1b18a\" data-element_type=\"widget\" data-settings=\"{&quot;template_id&quot;:&quot;14703&quot;,&quot;pagination_type&quot;:&quot;numbers_and_prev_next&quot;,&quot;columns_tablet&quot;:2,&quot;pagination_load_type&quot;:&quot;ajax&quot;,&quot;auto_scroll&quot;:&quot;yes&quot;,&quot;_skin&quot;:&quot;post&quot;,&quot;columns&quot;:&quot;3&quot;,&quot;columns_mobile&quot;:&quot;1&quot;,&quot;edit_handle_selector&quot;:&quot;[data-elementor-type=\\&quot;loop-item\\&quot;]&quot;,&quot;row_gap&quot;:{&quot;unit&quot;:&quot;px&quot;,&quot;size&quot;:&quot;&quot;,&quot;sizes&quot;:[]},&quot;row_gap_tablet&quot;:{&quot;unit&quot;:&quot;px&quot;,&quot;size&quot;:&quot;&quot;,&quot;sizes&quot;:[]},&quot;row_gap_mobile&quot;:{&quot;unit&quot;:&quot;px&quot;,&quot;size&quot;:&quot;&quot;,&quot;sizes&quot;:[]}}\" data-widget_type=\"loop-grid.post\">\n\t\t\t\t\t\t\t<div class=\"elementor-loop-container elementor-grid\">\n\t\t<style id=\"loop-dynamic-14703\">.e-loop-item-12321 .elementor-element.elementor-element-2ea3002:not(.elementor-motion-effects-element-type-background), .e-loop-item-12321 .elementor-element.elementor-element-2ea3002 > .elementor-motion-effects-container > .elementor-motion-effects-layer{background-image:url(\"https:\/\/www.breathe.life\/wp-content\/uploads\/2024\/10\/Soul-Session-Web-scaled.jpg\");}.e-loop-item-12321 .elementor-element.elementor-element-c686332:not(.elementor-motion-effects-element-type-background), .e-loop-item-12321 .elementor-element.elementor-element-c686332 > .elementor-motion-effects-container > .elementor-motion-effects-layer{background-image:url(\"https:\/\/www.breathe.life\/wp-content\/uploads\/2024\/10\/Soul-Session-Web-scaled.jpg\");}<\/style><style id=\"loop-14703\">.elementor-14703 .elementor-element.elementor-element-55b7652{--display:flex;--flex-direction:column;--container-widget-width:100%;--container-widget-height:initial;--container-widget-flex-grow:0;--container-widget-align-self:initial;--flex-wrap-mobile:wrap;--gap:0px 0px;--row-gap:0px;--column-gap:0px;--border-radius:20px 20px 20px 20px;box-shadow:0px 0px 10px 0px rgba(0, 0, 0, 0.15);--padding-top:0px;--padding-bottom:0px;--padding-left:0px;--padding-right:0px;}.elementor-14703 .elementor-element.elementor-element-b7baa38{--display:flex;--gap:0px 0px;--row-gap:0px;--column-gap:0px;--padding-top:0px;--padding-bottom:0px;--padding-left:0px;--padding-right:0px;}.elementor-14703 .elementor-element.elementor-element-2ea3002{--display:flex;--gap:0px 0px;--row-gap:0px;--column-gap:0px;--overlay-opacity:0;--border-radius:10px 10px 0px 0px;--padding-top:0px;--padding-bottom:0px;--padding-left:0px;--padding-right:0px;}.elementor-14703 .elementor-element.elementor-element-2ea3002::before, .elementor-14703 .elementor-element.elementor-element-2ea3002 > .elementor-background-video-container::before, .elementor-14703 .elementor-element.elementor-element-2ea3002 > .e-con-inner > .elementor-background-video-container::before, .elementor-14703 .elementor-element.elementor-element-2ea3002 > .elementor-background-slideshow::before, .elementor-14703 .elementor-element.elementor-element-2ea3002 > .e-con-inner > .elementor-background-slideshow::before, .elementor-14703 .elementor-element.elementor-element-2ea3002 > .elementor-motion-effects-container > .elementor-motion-effects-layer::before{background-image:url(\"https:\/\/www.breathe.life\/wp-content\/uploads\/2025\/01\/Path-768.svg\");--background-overlay:'';background-position:bottom center;background-repeat:no-repeat;background-size:17% auto;}.elementor-14703 .elementor-element.elementor-element-2ea3002:hover::before, .elementor-14703 .elementor-element.elementor-element-2ea3002:hover > .elementor-background-video-container::before, .elementor-14703 .elementor-element.elementor-element-2ea3002:hover > .e-con-inner > .elementor-background-video-container::before, .elementor-14703 .elementor-element.elementor-element-2ea3002 > .elementor-background-slideshow:hover::before, .elementor-14703 .elementor-element.elementor-element-2ea3002 > .e-con-inner > .elementor-background-slideshow:hover::before{background-color:var( --e-global-color-text );background-image:url(\"https:\/\/www.breathe.life\/wp-content\/uploads\/2025\/01\/Path-768.svg\");--background-overlay:'';background-position:center center;background-repeat:no-repeat;background-size:17% auto;}.elementor-14703 .elementor-element.elementor-element-2ea3002:not(.elementor-motion-effects-element-type-background), .elementor-14703 .elementor-element.elementor-element-2ea3002 > .elementor-motion-effects-container > .elementor-motion-effects-layer{background-position:center center;background-repeat:no-repeat;background-size:cover;}.elementor-14703 .elementor-element.elementor-element-2ea3002:hover{--overlay-opacity:0.97;}.elementor-14703 .elementor-element.elementor-element-2ea3002, .elementor-14703 .elementor-element.elementor-element-2ea3002::before{--overlay-transition:0.9s;}.elementor-14703 .elementor-element.elementor-element-2ea3002:hover::before{filter:brightness( 100% ) contrast( 100% ) saturate( 100% ) blur( 0px ) hue-rotate( 0deg );}.elementor-14703 .elementor-element.elementor-element-02d6e65{--spacer-size:320px;}.elementor-14703 .elementor-element.elementor-element-c686332{--display:flex;--gap:0px 0px;--row-gap:0px;--column-gap:0px;--padding-top:0px;--padding-bottom:0px;--padding-left:0px;--padding-right:0px;}.elementor-14703 .elementor-element.elementor-element-c686332:hover::before, .elementor-14703 .elementor-element.elementor-element-c686332:hover > .elementor-background-video-container::before, .elementor-14703 .elementor-element.elementor-element-c686332:hover > .e-con-inner > .elementor-background-video-container::before, .elementor-14703 .elementor-element.elementor-element-c686332 > .elementor-background-slideshow:hover::before, .elementor-14703 .elementor-element.elementor-element-c686332 > .e-con-inner > .elementor-background-slideshow:hover::before{background-color:var( --e-global-color-f2e00d2 );background-image:url(\"https:\/\/www.breathe.life\/wp-content\/uploads\/2025\/01\/Path-768.svg\");--background-overlay:'';background-position:center center;background-repeat:no-repeat;background-size:contain;}.elementor-14703 .elementor-element.elementor-element-c686332:not(.elementor-motion-effects-element-type-background), .elementor-14703 .elementor-element.elementor-element-c686332 > .elementor-motion-effects-container > .elementor-motion-effects-layer{background-position:center center;background-repeat:no-repeat;background-size:cover;}.elementor-14703 .elementor-element.elementor-element-c686332:hover{--overlay-opacity:1;}.elementor-14703 .elementor-element.elementor-element-e0bc727{--display:flex;--padding-top:20px;--padding-bottom:20px;--padding-left:20px;--padding-right:20px;}.elementor-14703 .elementor-element.elementor-element-e0bc727:not(.elementor-motion-effects-element-type-background), .elementor-14703 .elementor-element.elementor-element-e0bc727 > .elementor-motion-effects-container > .elementor-motion-effects-layer{background-color:var( --e-global-color-accent );}.elementor-widget-text-editor{font-family:var( --e-global-typography-text-font-family ), Sans-serif;font-size:var( --e-global-typography-text-font-size );font-weight:var( --e-global-typography-text-font-weight );color:var( --e-global-color-text );}.elementor-widget-text-editor.elementor-drop-cap-view-stacked .elementor-drop-cap{background-color:var( --e-global-color-primary );}.elementor-widget-text-editor.elementor-drop-cap-view-framed .elementor-drop-cap, .elementor-widget-text-editor.elementor-drop-cap-view-default .elementor-drop-cap{color:var( --e-global-color-primary );border-color:var( --e-global-color-primary );}.elementor-14703 .elementor-element.elementor-element-880bb42{font-family:\"Manrope\", Sans-serif;font-size:18px;font-weight:400;color:var( --e-global-color-secondary );}.elementor-widget-heading .elementor-heading-title{font-family:var( --e-global-typography-primary-font-family ), Sans-serif;font-size:var( --e-global-typography-primary-font-size );font-weight:var( --e-global-typography-primary-font-weight );color:var( --e-global-color-primary );}.elementor-14703 .elementor-element.elementor-element-020b633 .elementor-heading-title{font-family:\"Manrope\", Sans-serif;font-size:22px;font-weight:700;line-height:26px;color:var( --e-global-color-secondary );}.elementor-widget-theme-post-excerpt{color:var( --e-global-color-text );font-family:var( --e-global-typography-text-font-family ), Sans-serif;font-size:var( --e-global-typography-text-font-size );font-weight:var( --e-global-typography-text-font-weight );}.elementor-widget-button .elementor-button{background-color:var( --e-global-color-accent );font-family:var( --e-global-typography-accent-font-family ), Sans-serif;font-size:var( --e-global-typography-accent-font-size );font-weight:var( --e-global-typography-accent-font-weight );}.elementor-14703 .elementor-element.elementor-element-4be74d5 .elementor-button{background-color:#FFFFFF00;font-family:\"Manrope\", Sans-serif;font-size:18px;font-weight:400;letter-spacing:0.6px;fill:var( --e-global-color-secondary );color:var( --e-global-color-secondary );padding:0px 0px 0px 0px;}.elementor-14703 .elementor-element.elementor-element-4be74d5 .elementor-button-content-wrapper{flex-direction:row-reverse;}.elementor-14703 .elementor-element.elementor-element-4be74d5 .elementor-button .elementor-button-content-wrapper{gap:5px;}@media(max-width:1024px){.elementor-widget-text-editor{font-size:var( --e-global-typography-text-font-size );}.elementor-widget-heading .elementor-heading-title{font-size:var( --e-global-typography-primary-font-size );}.elementor-widget-theme-post-excerpt{font-size:var( --e-global-typography-text-font-size );}.elementor-widget-button .elementor-button{font-size:var( --e-global-typography-accent-font-size );}}@media(max-width:767px){.elementor-14703 .elementor-element.elementor-element-55b7652{--padding-top:0px;--padding-bottom:0px;--padding-left:0px;--padding-right:0px;}.elementor-widget-text-editor{font-size:var( --e-global-typography-text-font-size );}.elementor-widget-heading .elementor-heading-title{font-size:var( --e-global-typography-primary-font-size );}.elementor-widget-theme-post-excerpt{font-size:var( --e-global-typography-text-font-size );}.elementor-widget-button .elementor-button{font-size:var( --e-global-typography-accent-font-size );}}<\/style>\t\t<div data-elementor-type=\"loop-item\" data-elementor-id=\"14703\" class=\"elementor elementor-14703 e-loop-item e-loop-item-12321 post-12321 post type-post status-publish format-standard has-post-thumbnail hentry category-events\" data-elementor-post-type=\"elementor_library\" data-custom-edit-handle=\"1\">\n\t\t\t<div class=\"elementor-element elementor-element-55b7652 e-flex e-con-boxed e-con e-parent\" data-id=\"55b7652\" data-element_type=\"container\">\n\t\t\t\t\t<div class=\"e-con-inner\">\n\t\t<div class=\"elementor-element elementor-element-b7baa38 e-con-full e-flex e-con e-child\" data-id=\"b7baa38\" data-element_type=\"container\">\n\t\t<a class=\"elementor-element elementor-element-2ea3002 e-con-full background-ev e-flex e-con e-child\" data-id=\"2ea3002\" data-element_type=\"container\" data-settings=\"{&quot;background_background&quot;:&quot;classic&quot;}\" href=\"http:\/\/www.breathe.life\/es\/soul-sessions\/\">\n\t\t\t\t<div class=\"elementor-element elementor-element-02d6e65 elementor-widget elementor-widget-spacer\" data-id=\"02d6e65\" data-element_type=\"widget\" data-widget_type=\"spacer.default\">\n\t\t\t\t\t\t\t<div class=\"elementor-spacer\">\n\t\t\t<div class=\"elementor-spacer-inner\"><\/div>\n\t\t<\/div>\n\t\t\t\t\t\t<\/div>\n\t\t\t\t<\/a>\n\t\t<div class=\"elementor-element elementor-element-c686332 e-con-full e-flex e-con e-child\" data-id=\"c686332\" data-element_type=\"container\" data-settings=\"{&quot;background_background&quot;:&quot;classic&quot;}\">\n\t\t<div class=\"elementor-element elementor-element-e0bc727 e-con-full e-flex e-con e-child\" data-id=\"e0bc727\" data-element_type=\"container\" data-settings=\"{&quot;background_background&quot;:&quot;classic&quot;}\">\n\t\t\t\t<div class=\"elementor-element elementor-element-880bb42 elementor-widget elementor-widget-text-editor\" data-id=\"880bb42\" data-element_type=\"widget\" data-widget_type=\"text-editor.default\">\n\t\t\t\t\t\t\t\t\t7 octubre 2024\t\t\t\t\t\t\t\t<\/div>\n\t\t\t\t<div class=\"elementor-element elementor-element-020b633 elementor-widget elementor-widget-heading\" data-id=\"020b633\" data-element_type=\"widget\" data-widget_type=\"heading.default\">\n\t\t\t\t\t<h2 class=\"elementor-heading-title elementor-size-default\"><a href=\"http:\/\/www.breathe.life\/es\/soul-sessions\/\">Soul Sessions &#8211; Thursday to Saturday<\/a><\/h2>\t\t\t\t<\/div>\n\t\t\t\t<div class=\"elementor-element elementor-element-093578a elementor-widget elementor-widget-theme-post-excerpt\" data-id=\"093578a\" data-element_type=\"widget\" data-widget_type=\"theme-post-excerpt.default\">\n\t\t\t\t\t<p>Join us Thursday to Saturday for Soul Sessions at Soul Nueva Alcantara! Enjoy live DJ sets from 4:00 to 7:00...\t\t\t\t<\/div>\n\t\t\t\t<div class=\"elementor-element elementor-element-4be74d5 elementor-align-right elementor-widget elementor-widget-button\" data-id=\"4be74d5\" data-element_type=\"widget\" data-widget_type=\"button.default\">\n\t\t\t\t\t\t\t\t\t\t<a class=\"elementor-button elementor-button-link elementor-size-sm\" href=\"http:\/\/www.breathe.life\/es\/soul-sessions\/\">\n\t\t\t\t\t\t<span class=\"elementor-button-content-wrapper\">\n\t\t\t\t\t\t<span class=\"elementor-button-icon\">\n\t\t\t\t<svg aria-hidden=\"true\" class=\"e-font-icon-svg e-fas-chevron-right\" viewbox=\"0 0 320 512\" xmlns=\"http:\/\/www.w3.org\/2000\/svg\"><path d=\"M285.476 272.971L91.132 467.314c-9.373 9.373-24.569 9.373-33.941 0l-22.667-22.667c-9.357-9.357-9.375-24.522-.04-33.901L188.505 256 34.484 101.255c-9.335-9.379-9.317-24.544.04-33.901l22.667-22.667c9.373-9.373 24.569-9.373 33.941 0L285.475 239.03c9.373 9.372 9.373 24.568.001 33.941z\"><\/path><\/svg>\t\t\t<\/span>\n\t\t\t\t\t\t\t\t\t<span class=\"elementor-button-text\">Leer m\u00e1s<\/span>\n\t\t\t\t\t<\/span>\n\t\t\t\t\t<\/a>\n\t\t\t\t\t\t\t\t<\/div>\n\t\t\t\t<\/div>\n\t\t\t\t<\/div>\n\t\t\t\t<\/div>\n\t\t\t\t\t<\/div>\n\t\t\t\t<\/div>\n\t\t\t\t<\/div>\n\t\t<style id=\"loop-dynamic-14703\">.e-loop-item-14053 .elementor-element.elementor-element-2ea3002:not(.elementor-motion-effects-element-type-background), .e-loop-item-14053 .elementor-element.elementor-element-2ea3002 > .elementor-motion-effects-container > .elementor-motion-effects-layer{background-image:url(\"https:\/\/www.breathe.life\/wp-content\/uploads\/2026\/03\/New_landscape_underthestars_26.jpg\");}.e-loop-item-14053 .elementor-element.elementor-element-c686332:not(.elementor-motion-effects-element-type-background), .e-loop-item-14053 .elementor-element.elementor-element-c686332 > .elementor-motion-effects-container > .elementor-motion-effects-layer{background-image:url(\"https:\/\/www.breathe.life\/wp-content\/uploads\/2026\/03\/New_landscape_underthestars_26.jpg\");}<\/style>\t\t<div data-elementor-type=\"loop-item\" data-elementor-id=\"14703\" class=\"elementor elementor-14703 e-loop-item e-loop-item-14053 post-14053 post type-post status-publish format-standard has-post-thumbnail hentry category-events\" data-elementor-post-type=\"elementor_library\" data-custom-edit-handle=\"1\">\n\t\t\t<div class=\"elementor-element elementor-element-55b7652 e-flex e-con-boxed e-con e-parent\" data-id=\"55b7652\" data-element_type=\"container\">\n\t\t\t\t\t<div class=\"e-con-inner\">\n\t\t<div class=\"elementor-element elementor-element-b7baa38 e-con-full e-flex e-con e-child\" data-id=\"b7baa38\" data-element_type=\"container\">\n\t\t<a class=\"elementor-element elementor-element-2ea3002 e-con-full background-ev e-flex e-con e-child\" data-id=\"2ea3002\" data-element_type=\"container\" data-settings=\"{&quot;background_background&quot;:&quot;classic&quot;}\" href=\"http:\/\/www.breathe.life\/es\/air-opening-under-the-stars-may-16th\/\">\n\t\t\t\t<div class=\"elementor-element elementor-element-02d6e65 elementor-widget elementor-widget-spacer\" data-id=\"02d6e65\" data-element_type=\"widget\" data-widget_type=\"spacer.default\">\n\t\t\t\t\t\t\t<div class=\"elementor-spacer\">\n\t\t\t<div class=\"elementor-spacer-inner\"><\/div>\n\t\t<\/div>\n\t\t\t\t\t\t<\/div>\n\t\t\t\t<\/a>\n\t\t<div class=\"elementor-element elementor-element-c686332 e-con-full e-flex e-con e-child\" data-id=\"c686332\" data-element_type=\"container\" data-settings=\"{&quot;background_background&quot;:&quot;classic&quot;}\">\n\t\t<div class=\"elementor-element elementor-element-e0bc727 e-con-full e-flex e-con e-child\" data-id=\"e0bc727\" data-element_type=\"container\" data-settings=\"{&quot;background_background&quot;:&quot;classic&quot;}\">\n\t\t\t\t<div class=\"elementor-element elementor-element-880bb42 elementor-widget elementor-widget-text-editor\" data-id=\"880bb42\" data-element_type=\"widget\" data-widget_type=\"text-editor.default\">\n\t\t\t\t\t\t\t\t\t18 marzo 2026\t\t\t\t\t\t\t\t<\/div>\n\t\t\t\t<div class=\"elementor-element elementor-element-020b633 elementor-widget elementor-widget-heading\" data-id=\"020b633\" data-element_type=\"widget\" data-widget_type=\"heading.default\">\n\t\t\t\t\t<h2 class=\"elementor-heading-title elementor-size-default\"><a href=\"http:\/\/www.breathe.life\/es\/air-opening-under-the-stars-may-16th\/\">UNDER THE STAR &#8211; AIR GRAND OPENING &#8211; May 16th<\/a><\/h2>\t\t\t\t<\/div>\n\t\t\t\t<div class=\"elementor-element elementor-element-093578a elementor-widget elementor-widget-theme-post-excerpt\" data-id=\"093578a\" data-element_type=\"widget\" data-widget_type=\"theme-post-excerpt.default\">\n\t\t\t\t\t<p>Under the Stars lights up Air Rooftop Opening on May 16th! Dive into a fresh sushi experience, vibe to a...\t\t\t\t<\/div>\n\t\t\t\t<div class=\"elementor-element elementor-element-4be74d5 elementor-align-right elementor-widget elementor-widget-button\" data-id=\"4be74d5\" data-element_type=\"widget\" data-widget_type=\"button.default\">\n\t\t\t\t\t\t\t\t\t\t<a class=\"elementor-button elementor-button-link elementor-size-sm\" href=\"http:\/\/www.breathe.life\/es\/air-opening-under-the-stars-may-16th\/\">\n\t\t\t\t\t\t<span class=\"elementor-button-content-wrapper\">\n\t\t\t\t\t\t<span class=\"elementor-button-icon\">\n\t\t\t\t<svg aria-hidden=\"true\" class=\"e-font-icon-svg e-fas-chevron-right\" viewbox=\"0 0 320 512\" xmlns=\"http:\/\/www.w3.org\/2000\/svg\"><path d=\"M285.476 272.971L91.132 467.314c-9.373 9.373-24.569 9.373-33.941 0l-22.667-22.667c-9.357-9.357-9.375-24.522-.04-33.901L188.505 256 34.484 101.255c-9.335-9.379-9.317-24.544.04-33.901l22.667-22.667c9.373-9.373 24.569-9.373 33.941 0L285.475 239.03c9.373 9.372 9.373 24.568.001 33.941z\"><\/path><\/svg>\t\t\t<\/span>\n\t\t\t\t\t\t\t\t\t<span class=\"elementor-button-text\">Leer m\u00e1s<\/span>\n\t\t\t\t\t<\/span>\n\t\t\t\t\t<\/a>\n\t\t\t\t\t\t\t\t<\/div>\n\t\t\t\t<\/div>\n\t\t\t\t<\/div>\n\t\t\t\t<\/div>\n\t\t\t\t\t<\/div>\n\t\t\t\t<\/div>\n\t\t\t\t<\/div>\n\t\t\t\t<\/div>\n\t\t\n\t\t\t\t\t\t<\/div>\n\t\t\t\t<\/div>\n\t\t<div class=\"elementor-element elementor-element-783f91a e-flex e-con-boxed e-con e-parent\" data-id=\"783f91a\" data-element_type=\"container\">\n\t\t\t\t\t<div class=\"e-con-inner\">\n\t\t\t\t<div class=\"elementor-element elementor-element-57ffde5 elementor-widget elementor-widget-text-editor\" data-id=\"57ffde5\" data-element_type=\"widget\" data-widget_type=\"text-editor.default\">\n\t\t\t\t\t\t\t\t\t<p class=\"translation-block\">Mantente conectado e inspirado <br>Suscr\u00edbete a nuestro bolet\u00edn y no te pierdas las novedades de Breathe\u2122.<\/p>\t\t\t\t\t\t\t\t<\/div>\n\t\t\t\t<div class=\"elementor-element elementor-element-1df7024 elementor-button-align-end elementor-widget__width-initial elementor-widget elementor-widget-global elementor-global-16490 elementor-widget-form\" data-id=\"1df7024\" data-element_type=\"widget\" data-settings=\"{&quot;step_next_label&quot;:&quot;Next&quot;,&quot;step_previous_label&quot;:&quot;Previous&quot;,&quot;button_width&quot;:&quot;100&quot;,&quot;step_type&quot;:&quot;number_text&quot;,&quot;step_icon_shape&quot;:&quot;circle&quot;}\" data-widget_type=\"form.default\">\n\t\t\t\t\t\t\t<form class=\"elementor-form\" method=\"post\" name=\"New Form\" action=\"\">\n\t\t\t<input type=\"hidden\" name=\"post_id\" value=\"284\"\/>\n\t\t\t<input type=\"hidden\" name=\"form_id\" value=\"1df7024\"\/>\n\t\t\t<input type=\"hidden\" name=\"referer_title\" value=\"\" \/>\n\n\t\t\t\n\t\t\t<div class=\"elementor-form-fields-wrapper elementor-labels-\">\n\t\t\t\t\t\t\t\t<div class=\"elementor-field-type-email elementor-field-group elementor-column elementor-field-group-email elementor-col-100 elementor-field-required\">\n\t\t\t\t\t\t\t\t\t\t\t\t<label for=\"form-field-email\" class=\"elementor-field-label elementor-screen-only\">\n\t\t\t\t\t\t\t\tCorreo electr\u00f3nico\t\t\t\t\t\t\t<\/label>\n\t\t\t\t\t\t\t\t\t\t\t\t\t\t<input size=\"1\" type=\"email\" name=\"form_fields[email]\" id=\"form-field-email\" class=\"elementor-field elementor-size-sm  elementor-field-textual\" placeholder=\"Correo electr\u00f3nico\" required=\"required\">\n\t\t\t\t\t\t\t\t\t\t\t<\/div>\n\t\t\t\t\t\t\t\t<div class=\"elementor-field-type-acceptance elementor-field-group elementor-column elementor-field-group-field_88bd1a9 elementor-col-100 elementor-field-required\">\n\t\t\t\t\t\t\t<div class=\"elementor-field-subgroup\">\n\t\t\t<span class=\"elementor-field-option\">\n\t\t\t\t<input type=\"checkbox\" name=\"form_fields[field_88bd1a9]\" id=\"form-field-field_88bd1a9\" class=\"elementor-field elementor-size-sm  elementor-acceptance-field\" required=\"required\">\n\t\t\t\t<label for=\"form-field-field_88bd1a9\" class=\"translation-block\"><span style=\"font-size: 13px;margin-top: -10px\"> Acepto la <a href=\"https:\/\/www.breathe.life\/es\/privacy-policy\/\" style=\"font-weight:bold\" target=\"_self\">Pol\u00edtica de Privacidad<\/a> y doy mi consentimiento para el tratamiento de mis datos personales para gestionar mi solicitud.<\/span><\/label>\t\t\t<\/span>\n\t\t<\/div>\n\t\t\t\t\t\t<\/div>\n\t\t\t\t\t\t\t\t<div class=\"elementor-field-type-text\">\n\t\t\t\t\t<input size=\"1\" type=\"text\" name=\"form_fields[field_089f7ce]\" id=\"form-field-field_089f7ce\" class=\"elementor-field elementor-size-sm\" style=\"display:none !important;\">\t\t\t\t<\/div>\n\t\t\t\t\t\t\t\t<div class=\"elementor-field-type-recaptcha_v3 elementor-field-group elementor-column elementor-field-group-field_ed5eb22 elementor-col-100 recaptcha_v3-bottomleft\">\n\t\t\t\t\t<div class=\"elementor-field\" id=\"form-field-field_ed5eb22\"><div class=\"elementor-g-recaptcha\" data-sitekey=\"6LeKAtwqAAAAAPGDPbRb5jKjP77UiNxMq9Zp2Gnb\" data-type=\"v3\" data-action=\"Form\" data-badge=\"bottomleft\" data-size=\"invisible\"><\/div><\/div>\t\t\t\t<\/div>\n\t\t\t\t\t\t\t\t<div class=\"elementor-field-group elementor-column elementor-field-type-submit elementor-col-100 e-form__buttons\">\n\t\t\t\t\t<button class=\"elementor-button elementor-size-sm\" type=\"submit\">\n\t\t\t\t\t\t<span class=\"elementor-button-content-wrapper\">\n\t\t\t\t\t\t\t\t\t\t\t\t\t\t\t<span class=\"elementor-button-icon\">\n\t\t\t\t\t\t\t\t\t<svg aria-hidden=\"true\" class=\"e-font-icon-svg e-fas-arrow-right\" viewbox=\"0 0 448 512\" xmlns=\"http:\/\/www.w3.org\/2000\/svg\"><path d=\"M190.5 66.9l22.2-22.2c9.4-9.4 24.6-9.4 33.9 0L441 239c9.4 9.4 9.4 24.6 0 33.9L246.6 467.3c-9.4 9.4-24.6 9.4-33.9 0l-22.2-22.2c-9.5-9.5-9.3-25 .4-34.3L311.4 296H24c-13.3 0-24-10.7-24-24v-32c0-13.3 10.7-24 24-24h287.4L190.9 101.2c-9.8-9.3-10-24.8-.4-34.3z\"><\/path><\/svg>\t\t\t\t\t\t\t\t\t\t\t\t\t\t\t\t\t<\/span>\n\t\t\t\t\t\t\t\t\t\t\t\t\t\t\t\t\t\t\t\t\t\t<span class=\"elementor-button-text\">Enviar<\/span>\n\t\t\t\t\t\t\t\t\t\t\t\t\t<\/span>\n\t\t\t\t\t<\/button>\n\t\t\t\t<\/div>\n\t\t\t<\/div>\n\t\t<input type=\"hidden\" name=\"trp-form-language\" value=\"es\"\/><\/form>\n\t\t\t\t\t\t<\/div>\n\t\t\t\t\t<\/div>\n\t\t\t\t<\/div>\n\t\t\t\t<\/div>","protected":false},"excerpt":{"rendered":"<p>BREATHE\u2122 GROUP Experience unforgettable moments at BREATHE! From live music nights to exclusive culinary events, our venues are designed to create vibrant and inspiring experiences. Stay tuned for upcoming events and join us to celebrate in style. Stay connected and inspired Subscribe to our newsletter and never miss an update from Breathe\u2122<\/p>","protected":false},"author":1,"featured_media":0,"parent":0,"menu_order":0,"comment_status":"closed","ping_status":"closed","template":"elementor_header_footer","meta":{"_acf_changed":false,"footnotes":""},"class_list":["post-284","page","type-page","status-publish","hentry"],"acf":[],"_links":{"self":[{"href":"http:\/\/www.breathe.life\/es\/wp-json\/wp\/v2\/pages\/284","targetHints":{"allow":["GET"]}}],"collection":[{"href":"http:\/\/www.breathe.life\/es\/wp-json\/wp\/v2\/pages"}],"about":[{"href":"http:\/\/www.breathe.life\/es\/wp-json\/wp\/v2\/types\/page"}],"author":[{"embeddable":true,"href":"http:\/\/www.breathe.life\/es\/wp-json\/wp\/v2\/users\/1"}],"replies":[{"embeddable":true,"href":"http:\/\/www.breathe.life\/es\/wp-json\/wp\/v2\/comments?post=284"}],"version-history":[{"count":77,"href":"http:\/\/www.breathe.life\/es\/wp-json\/wp\/v2\/pages\/284\/revisions"}],"predecessor-version":[{"id":17477,"href":"http:\/\/www.breathe.life\/es\/wp-json\/wp\/v2\/pages\/284\/revisions\/17477"}],"wp:attachment":[{"href":"http:\/\/www.breathe.life\/es\/wp-json\/wp\/v2\/media?parent=284"}],"curies":[{"name":"wp","href":"https:\/\/api.w.org\/{rel}","templated":true}]}}