{"id":15714,"date":"2025-01-24T07:50:12","date_gmt":"2025-01-24T07:50:12","guid":{"rendered":"https:\/\/www.breathe.life\/?page_id=15714"},"modified":"2025-02-19T11:26:44","modified_gmt":"2025-02-19T11:26:44","slug":"terminos-y-condiciones-de-contratacion-revista-breathe","status":"publish","type":"page","link":"https:\/\/www.breathe.life\/es\/terminos-y-condiciones-de-contratacion-revista-breathe\/","title":{"rendered":"T\u00e9rminos y Condiciones de Contrataci\u00f3n &#8211; Revista Breathe"},"content":{"rendered":"<div data-elementor-type=\"wp-page\" data-elementor-id=\"15714\" class=\"elementor elementor-15714\" data-elementor-post-type=\"page\">\n\t\t\t\t<div class=\"elementor-element elementor-element-d12ad79 e-flex e-con-boxed e-con e-parent\" data-id=\"d12ad79\" data-element_type=\"container\">\n\t\t\t\t\t<div class=\"e-con-inner\">\n\t\t\t\t<div class=\"elementor-element elementor-element-3ca689d elementor-widget elementor-widget-heading\" data-id=\"3ca689d\" data-element_type=\"widget\" data-widget_type=\"heading.default\">\n\t\t\t\t\t<h1 class=\"elementor-heading-title elementor-size-default\">T\u00e9rminos y Condiciones de Contrataci\u00f3n - Revista Breathe<\/h1>\t\t\t\t<\/div>\n\t\t\t\t<div class=\"elementor-element elementor-element-39e6e61 elementor-widget-divider--view-line_icon elementor-view-default elementor-widget-divider--element-align-center elementor-widget elementor-widget-divider\" data-id=\"39e6e61\" data-element_type=\"widget\" data-widget_type=\"divider.default\">\n\t\t\t\t\t\t\t<div class=\"elementor-divider\">\n\t\t\t<span class=\"elementor-divider-separator\">\n\t\t\t\t\t\t\t<div class=\"elementor-icon elementor-divider__element\">\n\t\t\t\t\t<svg xmlns=\"http:\/\/www.w3.org\/2000\/svg\" width=\"62.445\" height=\"85.886\" viewbox=\"0 0 62.445 85.886\"><path id=\"Path_768\" data-name=\"Path 768\" d=\"M3.142,52.263V37.687L29.651,53.246V67.568Zm29.651-15.3L59.3,21.654V44.569l-26.509,15.3ZM3.142,20.125,29.651,35.541V49.6L3.235,34.1l-.093.158ZM32.794,13,40.077,8.74,57.731,18.932,32.794,33.33ZM10.207,15.761,29.651,4.534V27ZM32.794,4.534l4.151,2.4L32.794,9.358ZM31.222,0,0,18.025V54.078L29.651,71.2V85.885h3.142V71.2L62.445,54.078V18.025Z\" transform=\"translate(0 0.001)\" fill=\"#bfb2a3\"><\/path><\/svg><\/div>\n\t\t\t\t\t\t<\/span>\n\t\t<\/div>\n\t\t\t\t\t\t<\/div>\n\t\t\t\t<div class=\"elementor-element elementor-element-ea35886 elementor-widget elementor-widget-spacer\" data-id=\"ea35886\" data-element_type=\"widget\" data-widget_type=\"spacer.default\">\n\t\t\t\t\t\t\t<div class=\"elementor-spacer\">\n\t\t\t<div class=\"elementor-spacer-inner\"><\/div>\n\t\t<\/div>\n\t\t\t\t\t\t<\/div>\n\t\t\t\t<div class=\"elementor-element elementor-element-b68e891 elementor-widget elementor-widget-text-editor\" data-id=\"b68e891\" data-element_type=\"widget\" data-widget_type=\"text-editor.default\">\n\t\t\t\t\t\t\t\t\t<p class=\"p2\">Por favor, lee atentamente los siguientes t\u00e9rminos y condiciones antes de contratar espacio publicitario en la revista Breathe. Al contratar con nosotros, aceptas estar sujeto a estos t\u00e9rminos y condiciones:<\/p><p class=\"p2\"><strong>Contrataci\u00f3n:<\/strong> Al solicitar espacio publicitario en la revista Breathe, reconoces que est\u00e1s celebrando un contrato vinculante con nuestra publicaci\u00f3n.<\/p><p class=\"p2\"><strong>Reserva de Espacio:<\/strong> La reserva de espacio publicitario se realiza mediante acuerdo escrito o electr\u00f3nico entre la revista Breathe y el cliente. La disponibilidad de espacio est\u00e1 sujeta a la confirmaci\u00f3n por parte de la revista y al pago correspondiente.<\/p><p class=\"p2\"><strong>Contenido Publicitario:<\/strong> Todo el contenido publicitario proporcionado por el cliente debe cumplir con los est\u00e1ndares \u00e9ticos y legales. Nos reservamos el derecho de rechazar cualquier anuncio que consideremos inapropiado o que no cumpla con nuestras directrices editoriales.<\/p><p class=\"p2\"><strong>Entrega de Material:<\/strong> El cliente es responsable de proporcionar el material publicitario en el formato y la fecha especificados. Nos reservamos el derecho de posponer la publicaci\u00f3n si el material no se recibe seg\u00fan lo acordado.<\/p><p class=\"p2\"><strong>Pago:<\/strong> Los pagos por espacio publicitario deben realizarse seg\u00fan los t\u00e9rminos acordados entre las partes. Nos reservamos el derecho de suspender la publicaci\u00f3n de anuncios si no se reciben los pagos en el plazo estipulado.<\/p><p class=\"p2\"><strong>Cancelaciones y Reembolsos:<\/strong> Las cancelaciones de contratos publicitarios deben comunicarse por escrito con al menos 30 d\u00edas h\u00e1biles de anticipaci\u00f3n. La interrupci\u00f3n o cancelaci\u00f3n unilateral de este contrato publicitario por parte del anunciante sin motivo justificado implicar\u00e1 el abono del 50% de la cantidad pendiente desde esa fecha hasta la finalizaci\u00f3n del contrato a BREATHE SL.<\/p><p class=\"p2\"><strong>Responsabilidad:<\/strong> La revista Breathe no se hace responsable de cualquier p\u00e9rdida o da\u00f1o sufrido como resultado directo o indirecto de la publicaci\u00f3n de anuncios, incluidos errores tipogr\u00e1ficos, omisiones o cambios en el contenido.<\/p><p class=\"p2\"><strong>Modificaciones:<\/strong> Nos reservamos el derecho de realizar cambios en estos t\u00e9rminos y condiciones en cualquier momento. Se notificar\u00e1n a los clientes sobre tales cambios, y su continuaci\u00f3n en la contrataci\u00f3n de nuestros servicios se considerar\u00e1 como aceptaci\u00f3n de las modificaciones.<\/p><p class=\"p2\">Al contratar espacio publicitario en la revista Breathe, aceptas cumplir con estos t\u00e9rminos y condiciones en su totalidad. Si tienes alguna pregunta o inquietud, no dudes en ponerte en contacto con nosotros.<\/p><p>_______________________________________________________________________________________________________<\/p><p><em>Terms and Conditions of Booking \u2013 Breathe Magazine<\/em><\/p><p><em>Please read the following terms and conditions carefully before booking advertising space in Breathe Magazine. By contracting with us, you agree to be bound by these terms and conditions:<\/em><\/p><ol><li><em>Booking: By requesting advertising space in Breathe Magazine, you acknowledge that you are entering into a binding contract with our publication.<\/em><\/li><li><em>Space Reservation: The reservation of advertising space is made through a written or electronic agreement between Breathe Magazine and the client. Space availability is subject to confirmation by the magazine and payment.<\/em><\/li><li><em>Advertising Content: All advertising content provided by the client must comply with ethical and legal standards. We reserve the right to reject any advertisement that we deem inappropriate or does not comply with our editorial guidelines.<\/em><\/li><li><em>Material Delivery: The client is responsible for providing advertising material in the specified format and by the agreed-upon date. We reserve the right to postpone publication if the material is not received as agreed.<\/em><\/li><li><em>Payment: Payments for advertising space must be made according to the terms agreed upon between the parties. We reserve the right to suspend the publication of advertisements if payments are not received within the stipulated timeframe.<\/em><\/li><li><em>Cancellations and Refunds: Cancellations of advertising contracts must be communicated in writing with at least 30 business days\u2019 notice. The unilateral interruption or cancellation of this advertising contract by the advertiser without justified reason will entail payment of 50% of the outstanding amount from that date until the contract\u2019s completion to Breathe Magazine.<\/em><\/li><li><em>Liability: Breathe Magazine is not liable for any loss or damage suffered as a direct or indirect result of the publication of advertisements, including typographical errors, omissions, or changes in content.<\/em><\/li><li><em>Modifications: We reserve the right to make changes to these terms and conditions at any time. Customers will be notified of such changes, and their continuation in contracting our services will be considered acceptance of the modifications.<\/em><\/li><\/ol><p><em>By booking advertising space in Breathe Magazine, you agree to comply with these terms and conditions in their entirety. If you have any questions or concerns, please feel free to contact us.<\/em><\/p>\t\t\t\t\t\t\t\t<\/div>\n\t\t\t\t\t<\/div>\n\t\t\t\t<\/div>\n\t\t\t\t<\/div>","protected":false},"excerpt":{"rendered":"<p>T\u00e9rminos y Condiciones de Contrataci\u00f3n &#8211; Revista Breathe Por favor, lee atentamente los siguientes t\u00e9rminos y condiciones antes de contratar espacio publicitario en la revista Breathe. Al contratar con nosotros, aceptas estar sujeto a estos t\u00e9rminos y condiciones: Contrataci\u00f3n: Al solicitar espacio publicitario en la revista Breathe, reconoces que est\u00e1s celebrando un contrato vinculante con [&hellip;]<\/p>","protected":false},"author":1,"featured_media":0,"parent":0,"menu_order":0,"comment_status":"closed","ping_status":"closed","template":"elementor_header_footer","meta":{"_acf_changed":false,"footnotes":""},"class_list":["post-15714","page","type-page","status-publish","hentry"],"acf":[],"_links":{"self":[{"href":"https:\/\/www.breathe.life\/es\/wp-json\/wp\/v2\/pages\/15714","targetHints":{"allow":["GET"]}}],"collection":[{"href":"https:\/\/www.breathe.life\/es\/wp-json\/wp\/v2\/pages"}],"about":[{"href":"https:\/\/www.breathe.life\/es\/wp-json\/wp\/v2\/types\/page"}],"author":[{"embeddable":true,"href":"https:\/\/www.breathe.life\/es\/wp-json\/wp\/v2\/users\/1"}],"replies":[{"embeddable":true,"href":"https:\/\/www.breathe.life\/es\/wp-json\/wp\/v2\/comments?post=15714"}],"version-history":[{"count":7,"href":"https:\/\/www.breathe.life\/es\/wp-json\/wp\/v2\/pages\/15714\/revisions"}],"predecessor-version":[{"id":16524,"href":"https:\/\/www.breathe.life\/es\/wp-json\/wp\/v2\/pages\/15714\/revisions\/16524"}],"wp:attachment":[{"href":"https:\/\/www.breathe.life\/es\/wp-json\/wp\/v2\/media?parent=15714"}],"curies":[{"name":"wp","href":"https:\/\/api.w.org\/{rel}","templated":true}]}}