{"id":280,"date":"2025-01-07T15:42:56","date_gmt":"2025-01-07T15:42:56","guid":{"rendered":"https:\/\/www.breathe.life\/?page_id=280"},"modified":"2026-04-24T13:44:57","modified_gmt":"2026-04-24T12:44:57","slug":"breathe-magazine","status":"publish","type":"page","link":"https:\/\/www.breathe.life\/es\/breathe-magazine\/","title":{"rendered":"BREATHE\u2122 Magazine"},"content":{"rendered":"<div data-elementor-type=\"wp-page\" data-elementor-id=\"280\" class=\"elementor elementor-280\" data-elementor-post-type=\"page\">\n\t\t\t\t<div class=\"elementor-element elementor-element-c61849e e-flex e-con-boxed e-con e-parent\" data-id=\"c61849e\" data-element_type=\"container\">\n\t\t\t\t\t<div class=\"e-con-inner\">\n\t\t\t\t<div class=\"elementor-element elementor-element-5c36c46 elementor-skin-slideshow elementor-arrows-yes elementor-widget elementor-widget-media-carousel\" data-id=\"5c36c46\" data-element_type=\"widget\" data-settings=\"{&quot;skin&quot;:&quot;slideshow&quot;,&quot;effect&quot;:&quot;fade&quot;,&quot;slideshow_slides_per_view&quot;:&quot;3&quot;,&quot;space_between&quot;:{&quot;unit&quot;:&quot;px&quot;,&quot;size&quot;:5,&quot;sizes&quot;:[]},&quot;slideshow_slides_per_view_tablet&quot;:&quot;3&quot;,&quot;slideshow_slides_per_view_mobile&quot;:&quot;2&quot;,&quot;show_arrows&quot;:&quot;yes&quot;,&quot;speed&quot;:500,&quot;autoplay&quot;:&quot;yes&quot;,&quot;autoplay_speed&quot;:5000,&quot;loop&quot;:&quot;yes&quot;,&quot;pause_on_hover&quot;:&quot;yes&quot;,&quot;pause_on_interaction&quot;:&quot;yes&quot;,&quot;space_between_tablet&quot;:{&quot;unit&quot;:&quot;px&quot;,&quot;size&quot;:10,&quot;sizes&quot;:[]},&quot;space_between_mobile&quot;:{&quot;unit&quot;:&quot;px&quot;,&quot;size&quot;:10,&quot;sizes&quot;:[]}}\" data-widget_type=\"media-carousel.default\">\n\t\t\t\t\t\t\t\t\t\t<div class=\"elementor-main-swiper swiper\" role=\"region\" aria-roledescription=\"carousel\" aria-label=\"Magazines\">\n\t\t\t\t<div class=\"swiper-wrapper\">\n\t\t\t\t\t\t\t\t\t\t\t<div class=\"swiper-slide\" role=\"group\" aria-roledescription=\"slide\">\n\t\t\t\t\t\t\t<a href=\"https:\/\/www.breathe.life\/es\/breathe-magazine-5th-edition\/\" target=\"_blank\" rel=\"noopener\">\t\t<div class=\"elementor-carousel-image\" role=\"img\" aria-label=\"Magazine_spring_final_Draft\" style=\"background-image: url(&#039;https:\/\/www.breathe.life\/wp-content\/uploads\/2025\/04\/Magazine_spring_final_Draft-scaled.jpg&#039;)\">\n\n\t\t\t\n\t\t\t\t\t<\/div>\n\t\t<\/a>\t\t\t\t\t\t<\/div>\n\t\t\t\t\t\t\t\t\t\t\t<div class=\"swiper-slide\" role=\"group\" aria-roledescription=\"slide\">\n\t\t\t\t\t\t\t<a href=\"https:\/\/www.breathe.life\/es\/breathe-magazine-6th-edition\/\">\t\t<div class=\"elementor-carousel-image\" role=\"img\" aria-label=\"cover_summer_flatplan_breathe_magazine\" style=\"background-image: url(&#039;https:\/\/www.breathe.life\/wp-content\/uploads\/2025\/08\/cover_summer_flatplan_breathe_magazine-scaled.jpg&#039;)\">\n\n\t\t\t\n\t\t\t\t\t<\/div>\n\t\t<\/a>\t\t\t\t\t\t<\/div>\n\t\t\t\t\t\t\t\t\t\t\t<div class=\"swiper-slide\" role=\"group\" aria-roledescription=\"slide\">\n\t\t\t\t\t\t\t<a href=\"https:\/\/www.breathe.life\/es\/breathe-magazine-7th-edition\/\">\t\t<div class=\"elementor-carousel-image\" role=\"img\" aria-label=\"new_web_winter_25\" style=\"background-image: url(&#039;https:\/\/www.breathe.life\/wp-content\/uploads\/2025\/12\/new_web_winter_25-scaled.png&#039;)\">\n\n\t\t\t\n\t\t\t\t\t<\/div>\n\t\t<\/a>\t\t\t\t\t\t<\/div>\n\t\t\t\t\t\t\t\t\t\t\t<div class=\"swiper-slide\" role=\"group\" aria-roledescription=\"slide\">\n\t\t\t\t\t\t\t<a href=\"https:\/\/www.breathe.life\/es\/breathe-magazine-8th-edition\/\">\t\t<div class=\"elementor-carousel-image\" role=\"img\" aria-label=\"Flat_plan_spring_2026_Breathe_magazine\" style=\"background-image: url(&#039;https:\/\/www.breathe.life\/wp-content\/uploads\/2026\/04\/Flat_plan_spring_2026_Breathe_magazine-scaled.jpg&#039;)\">\n\n\t\t\t\n\t\t\t\t\t<\/div>\n\t\t<\/a>\t\t\t\t\t\t<\/div>\n\t\t\t\t\t\t\t\t\t<\/div>\n\t\t\t\t\t\t\t\t\t\t\t\t\t\t\t<div class=\"elementor-swiper-button elementor-swiper-button-prev\" role=\"button\" tabindex=\"0\" aria-label=\"Anterior\">\n\t\t\t\t\t\t\t<svg aria-hidden=\"true\" class=\"e-font-icon-svg e-eicon-chevron-left\" viewbox=\"0 0 1000 1000\" xmlns=\"http:\/\/www.w3.org\/2000\/svg\"><path d=\"M646 125C629 125 613 133 604 142L308 442C296 454 292 471 292 487 292 504 296 521 308 533L604 854C617 867 629 875 646 875 663 875 679 871 692 858 704 846 713 829 713 812 713 796 708 779 692 767L438 487 692 225C700 217 708 204 708 187 708 171 704 154 692 142 675 129 663 125 646 125Z\"><\/path><\/svg>\t\t\t\t\t\t<\/div>\n\t\t\t\t\t\t<div class=\"elementor-swiper-button elementor-swiper-button-next\" role=\"button\" tabindex=\"0\" aria-label=\"Siguiente\">\n\t\t\t\t\t\t\t<svg aria-hidden=\"true\" class=\"e-font-icon-svg e-eicon-chevron-right\" viewbox=\"0 0 1000 1000\" xmlns=\"http:\/\/www.w3.org\/2000\/svg\"><path d=\"M696 533C708 521 713 504 713 487 713 471 708 454 696 446L400 146C388 133 375 125 354 125 338 125 325 129 313 142 300 154 292 171 292 187 292 204 296 221 308 233L563 492 304 771C292 783 288 800 288 817 288 833 296 850 308 863 321 871 338 875 354 875 371 875 388 867 400 854L696 533Z\"><\/path><\/svg>\t\t\t\t\t\t<\/div>\n\t\t\t\t\t\t\t\t\t\t\t\t\t\t\t\t\t<\/div>\n\t\t\t\t\t\t\t\t\t<div class=\"elementor-main-swiper swiper elementor-thumbnails-swiper swiper\" role=\"region region\" aria-roledescription=\"carousel carousel\" aria-label=\"Magazines Magazines\">\n\t\t\t\t<div class=\"swiper-wrapper\">\n\t\t\t\t\t\t\t\t\t\t\t<div class=\"swiper-slide\" role=\"group\" aria-roledescription=\"slide\">\n\t\t\t\t\t\t\t\t\t<div class=\"elementor-carousel-image\" role=\"img\" aria-label=\"Magazine_spring_final_Draft\" style=\"background-image: url(&#039;https:\/\/www.breathe.life\/wp-content\/uploads\/2025\/04\/Magazine_spring_final_Draft-scaled.jpg&#039;)\">\n\n\t\t\t\n\t\t\t\t\t<\/div>\n\t\t<\/a>\t\t\t\t\t\t<\/div>\n\t\t\t\t\t\t\t\t\t\t\t<div class=\"swiper-slide\" role=\"group\" aria-roledescription=\"slide\">\n\t\t\t\t\t\t\t\t\t<div class=\"elementor-carousel-image\" role=\"img\" aria-label=\"cover_summer_flatplan_breathe_magazine\" style=\"background-image: url(&#039;https:\/\/www.breathe.life\/wp-content\/uploads\/2025\/08\/cover_summer_flatplan_breathe_magazine-scaled.jpg&#039;)\">\n\n\t\t\t\n\t\t\t\t\t<\/div>\n\t\t<\/a>\t\t\t\t\t\t<\/div>\n\t\t\t\t\t\t\t\t\t\t\t<div class=\"swiper-slide\" role=\"group\" aria-roledescription=\"slide\">\n\t\t\t\t\t\t\t\t\t<div class=\"elementor-carousel-image\" role=\"img\" aria-label=\"new_web_winter_25\" style=\"background-image: url(&#039;https:\/\/www.breathe.life\/wp-content\/uploads\/2025\/12\/new_web_winter_25-scaled.png&#039;)\">\n\n\t\t\t\n\t\t\t\t\t<\/div>\n\t\t<\/a>\t\t\t\t\t\t<\/div>\n\t\t\t\t\t\t\t\t\t\t\t<div class=\"swiper-slide\" role=\"group\" aria-roledescription=\"slide\">\n\t\t\t\t\t\t\t\t\t<div class=\"elementor-carousel-image\" role=\"img\" aria-label=\"Flat_plan_spring_2026_Breathe_magazine\" style=\"background-image: url(&#039;https:\/\/www.breathe.life\/wp-content\/uploads\/2026\/04\/Flat_plan_spring_2026_Breathe_magazine-scaled.jpg&#039;)\">\n\n\t\t\t\n\t\t\t\t\t<\/div>\n\t\t<\/a>\t\t\t\t\t\t<\/div>\n\t\t\t\t\t\t\t\t\t<\/div>\n\t\t\t\t\t\t\t\t\t\t\t\t\t\t\t\t\t\t\t\t\t<\/div>\n\t\t\t\t\t\t\t\t<\/div>\n\t\t\t\t\t<\/div>\n\t\t\t\t<\/div>\n\t\t<div class=\"elementor-element elementor-element-bb102ad e-con-full e-flex e-con e-parent\" data-id=\"bb102ad\" data-element_type=\"container\">\n\t\t<div class=\"elementor-element elementor-element-bcf1bd9 e-con-full e-flex e-con e-child\" data-id=\"bcf1bd9\" data-element_type=\"container\">\n\t\t<div class=\"elementor-element elementor-element-8c0d562 e-con-full e-flex e-con e-child\" data-id=\"8c0d562\" data-element_type=\"container\" data-settings=\"{&quot;background_background&quot;:&quot;classic&quot;}\">\n\t\t<div class=\"elementor-element elementor-element-7a30f1d e-con-full e-flex e-con e-child\" data-id=\"7a30f1d\" data-element_type=\"container\">\n\t\t<div class=\"elementor-element elementor-element-ffd4b28 e-con-full e-flex e-con e-child\" data-id=\"ffd4b28\" data-element_type=\"container\">\n\t\t\t\t<div class=\"elementor-element elementor-element-1500dcd elementor-widget__width-inherit elementor-widget elementor-widget-heading\" data-id=\"1500dcd\" data-element_type=\"widget\" data-widget_type=\"heading.default\">\n\t\t\t\t\t<h2 class=\"elementor-heading-title elementor-size-default\">ANUNCIE CON NOSOTROS<\/h2>\t\t\t\t<\/div>\n\t\t\t\t<div class=\"elementor-element elementor-element-4418448 elementor-widget elementor-widget-text-editor\" data-id=\"4418448\" data-element_type=\"widget\" data-widget_type=\"text-editor.default\">\n\t\t\t\t\t\t\t\t\t<p>Nos gustar\u00eda darte la bienvenida a BREATHE\u2122 MAGAZINE, una publicaci\u00f3n que refleja el esp\u00edritu y la filosof\u00eda con la que se fund\u00f3 y creci\u00f3 nuestro grupo de espacios.<\/p><p>La revista nos permite expresar y comunicar esta filosof\u00eda de vida, centrada en una vida saludable y la alta cocina, la calidad de vida, explorando el arte de saber disfrutar plenamente de la vida mientras tambi\u00e9n damos algo a cambio, cuidamos nuestro entorno y, en general, somos personas felices.<\/p>\t\t\t\t\t\t\t\t<\/div>\n\t\t\t\t<\/div>\n\t\t<div class=\"elementor-element elementor-element-a198e00 e-con-full e-flex e-con e-child\" data-id=\"a198e00\" data-element_type=\"container\">\n\t\t\t\t<div data-premium-element-link=\"{&quot;type&quot;:&quot;url&quot;,&quot;link&quot;:{&quot;url&quot;:&quot;https:\\\/\\\/drive.google.com\\\/file\\\/d\\\/1IHF_NPpDS3OMDu6D-37ICPJrB_ibD4cL\\\/view&quot;,&quot;is_external&quot;:&quot;on&quot;,&quot;nofollow&quot;:&quot;&quot;,&quot;custom_attributes&quot;:&quot;&quot;},&quot;href&quot;:&quot;https:\\\/\\\/drive.google.com\\\/file\\\/d\\\/1IHF_NPpDS3OMDu6D-37ICPJrB_ibD4cL\\\/view&quot;}\" style=\"cursor: pointer\" class=\"elementor-element elementor-element-fdbd3a7 elementor-widget__width-auto premium-wrapper-link-yes elementor-widget elementor-widget-heading\" data-id=\"fdbd3a7\" data-element_type=\"widget\" data-widget_type=\"heading.default\">\n\t\t\t\t\t<h2 class=\"elementor-heading-title elementor-size-default\"><a href=\"https:\/\/drive.google.com\/file\/d\/1IHF_NPpDS3OMDu6D-37ICPJrB_ibD4cL\/view\" target=\"_blank\" rel=\"noopener\">Paquete de Medios de BREATHE\u2122 Magazine<\/a><\/h2>\t\t\t\t<\/div>\n\t\t\t\t<div class=\"elementor-element elementor-element-3cafdc5 elementor-widget elementor-widget-text-editor\" data-id=\"3cafdc5\" data-element_type=\"widget\" data-widget_type=\"text-editor.default\">\n\t\t\t\t\t\t\t\t\t<p>Cont\u00e1ctanos para compromisos a largo plazo:<br \/>15% de descuento por comprometerse a una campa\u00f1a de m\u00ednimo 2 ediciones<br \/>30% de descuento por pago por adelantado<\/p><p><strong>Correo electr\u00f3nico: <span style=\"color: #000000;\"><a style=\"color: #000000;\" href=\"mailto:marketing@breathe.life\">marketing@breathe.life<\/a><\/span><\/strong><\/p><p class=\"translation-block\">Por favor, lee detenidamente los <strong><a href=\"\/es\/terminos-y-condiciones-de-contratacion-revista-breathe\/\" target=\"_self\">t\u00e9rminos y condiciones<\/a><\/strong> antes de reservar espacio publicitario en la Revista Breathe.<\/p>\t\t\t\t\t\t\t\t<\/div>\n\t\t\t\t<\/div>\n\t\t\t\t<\/div>\n\t\t\t\t<\/div>\n\t\t\t\t<\/div>\n\t\t\t\t<\/div>\n\t\t\t\t<\/div>","protected":false},"excerpt":{"rendered":"<p>ADVERTISE WITH US We would like to welcome you to BREATHE\u2122 MAGAZINE, a publication that reflects the spirit and philosophy from which our group of venues was founded and has grown. The magazine allows us to express and communicate this lifestyle philosophy, which is centred on healthy living and fine dining, quality of life, exploring [&hellip;]<\/p>","protected":false},"author":1,"featured_media":0,"parent":0,"menu_order":0,"comment_status":"closed","ping_status":"closed","template":"elementor_header_footer","meta":{"_acf_changed":false,"footnotes":""},"class_list":["post-280","page","type-page","status-publish","hentry"],"acf":[],"_links":{"self":[{"href":"https:\/\/www.breathe.life\/es\/wp-json\/wp\/v2\/pages\/280","targetHints":{"allow":["GET"]}}],"collection":[{"href":"https:\/\/www.breathe.life\/es\/wp-json\/wp\/v2\/pages"}],"about":[{"href":"https:\/\/www.breathe.life\/es\/wp-json\/wp\/v2\/types\/page"}],"author":[{"embeddable":true,"href":"https:\/\/www.breathe.life\/es\/wp-json\/wp\/v2\/users\/1"}],"replies":[{"embeddable":true,"href":"https:\/\/www.breathe.life\/es\/wp-json\/wp\/v2\/comments?post=280"}],"version-history":[{"count":125,"href":"https:\/\/www.breathe.life\/es\/wp-json\/wp\/v2\/pages\/280\/revisions"}],"predecessor-version":[{"id":17767,"href":"https:\/\/www.breathe.life\/es\/wp-json\/wp\/v2\/pages\/280\/revisions\/17767"}],"wp:attachment":[{"href":"https:\/\/www.breathe.life\/es\/wp-json\/wp\/v2\/media?parent=280"}],"curies":[{"name":"wp","href":"https:\/\/api.w.org\/{rel}","templated":true}]}}